{"id":261,"date":"2022-11-03T17:32:06","date_gmt":"2022-11-03T17:32:06","guid":{"rendered":"https:\/\/kalajaepox.com\/?page_id=261"},"modified":"2022-12-03T15:04:39","modified_gmt":"2022-12-03T15:04:39","slug":"historiku","status":"publish","type":"page","link":"https:\/\/kalajaepox.com\/index.php\/historiku\/","title":{"rendered":"Historiku"},"content":{"rendered":"\t\t<div data-elementor-type=\"wp-page\" data-elementor-id=\"261\" class=\"elementor elementor-261\">\n\t\t\t\t\t\t<section class=\"elementor-section elementor-top-section elementor-element elementor-element-7d75284 elementor-section-height-min-height elementor-section-boxed elementor-section-height-default elementor-section-items-middle\" data-id=\"7d75284\" data-element_type=\"section\" data-settings=\"{&quot;background_background&quot;:&quot;classic&quot;}\">\n\t\t\t\t\t\t<div class=\"elementor-container elementor-column-gap-no\">\n\t\t\t\t\t<div class=\"elementor-column elementor-col-33 elementor-top-column elementor-element elementor-element-a040ae3\" data-id=\"a040ae3\" data-element_type=\"column\">\n\t\t\t<div class=\"elementor-widget-wrap elementor-element-populated\">\n\t\t\t\t\t\t<div class=\"elementor-element elementor-element-2748188 elementor-widget elementor-widget-image\" data-id=\"2748188\" data-element_type=\"widget\" data-widget_type=\"image.default\">\n\t\t\t\t<div class=\"elementor-widget-container\">\n\t\t\t\t\t\t\t\t\t\t\t\t\t\t\t\t<a href=\"https:\/\/kalajaepox.com\">\n\t\t\t\t\t\t\t<img fetchpriority=\"high\" decoding=\"async\" width=\"754\" height=\"392\" src=\"https:\/\/kalajaepox.com\/wp-content\/uploads\/2022\/10\/logo-e-re-01.png\" class=\"attachment-medium_large size-medium_large wp-image-17\" alt=\"\" srcset=\"https:\/\/kalajaepox.com\/wp-content\/uploads\/2022\/10\/logo-e-re-01.png 754w, https:\/\/kalajaepox.com\/wp-content\/uploads\/2022\/10\/logo-e-re-01-300x156.png 300w\" sizes=\"(max-width: 754px) 100vw, 754px\" \/>\t\t\t\t\t\t\t\t<\/a>\n\t\t\t\t\t\t\t\t\t\t\t\t\t\t\t<\/div>\n\t\t\t\t<\/div>\n\t\t\t\t\t<\/div>\n\t\t<\/div>\n\t\t\t\t<div class=\"elementor-column elementor-col-33 elementor-top-column elementor-element elementor-element-27418c5\" data-id=\"27418c5\" data-element_type=\"column\">\n\t\t\t<div class=\"elementor-widget-wrap elementor-element-populated\">\n\t\t\t\t\t\t<div class=\"elementor-element elementor-element-a7d7694 elementor-shape-circle elementor-grid-2 e-grid-align-right e-grid-align-tablet-center elementor-widget elementor-widget-social-icons\" data-id=\"a7d7694\" data-element_type=\"widget\" data-widget_type=\"social-icons.default\">\n\t\t\t\t<div class=\"elementor-widget-container\">\n\t\t\t\t\t\t\t<div class=\"elementor-social-icons-wrapper elementor-grid\" role=\"list\">\n\t\t\t\t\t\t\t<span class=\"elementor-grid-item\" role=\"listitem\">\n\t\t\t\t\t<a class=\"elementor-icon elementor-social-icon elementor-social-icon-facebook elementor-repeater-item-d33e30d\" target=\"_blank\">\n\t\t\t\t\t\t<span class=\"elementor-screen-only\">Facebook<\/span>\n\t\t\t\t\t\t<i class=\"fab fa-facebook\"><\/i>\t\t\t\t\t<\/a>\n\t\t\t\t<\/span>\n\t\t\t\t\t\t\t<span class=\"elementor-grid-item\" role=\"listitem\">\n\t\t\t\t\t<a class=\"elementor-icon elementor-social-icon elementor-social-icon-instagram elementor-repeater-item-5d99191\" target=\"_blank\">\n\t\t\t\t\t\t<span class=\"elementor-screen-only\">Instagram<\/span>\n\t\t\t\t\t\t<i class=\"fab fa-instagram\"><\/i>\t\t\t\t\t<\/a>\n\t\t\t\t<\/span>\n\t\t\t\t\t<\/div>\n\t\t\t\t\t\t<\/div>\n\t\t\t\t<\/div>\n\t\t\t\t\t<\/div>\n\t\t<\/div>\n\t\t\t\t<div class=\"elementor-column elementor-col-33 elementor-top-column elementor-element elementor-element-50ca99a\" data-id=\"50ca99a\" data-element_type=\"column\" data-settings=\"{&quot;background_background&quot;:&quot;classic&quot;}\">\n\t\t\t<div class=\"elementor-widget-wrap elementor-element-populated\">\n\t\t\t\t\t\t<div class=\"elementor-element elementor-element-cd21047 eael_simple_menu_hamburger_disable_selected_menu_hide eael-simple-menu-hamburger-align-right eael-hamburger--tablet elementor-widget elementor-widget-eael-simple-menu\" data-id=\"cd21047\" data-element_type=\"widget\" data-widget_type=\"eael-simple-menu.default\">\n\t\t\t\t<div class=\"elementor-widget-container\">\n\t\t\t\t\t<style>\n                        @media screen and (max-width: 1024px) {\n                            .eael-hamburger--tablet {\n                                .eael-simple-menu-horizontal,\n                                .eael-simple-menu-vertical {\n                                    display: none;\n                                }\n                            }\n                            .eael-hamburger--tablet {\n                                .eael-simple-menu-container .eael-simple-menu-toggle {\n                                    display: block;\n                                }\n                            }\n                        }\n                    <\/style>            <div data-hamburger-icon=\"&lt;i aria-hidden=&quot;true&quot; class=&quot;fas fa-bars&quot;&gt;&lt;\/i&gt;\" data-indicator-icon=\"&lt;i aria-hidden=&quot;true&quot; class=&quot;fas fa-angle-down&quot;&gt;&lt;\/i&gt;\" data-dropdown-indicator-icon=\"&lt;i class=&quot;fas fa-angle-down&quot;&gt;&lt;\/i&gt;\" class=\"eael-simple-menu-container eael-simple-menu-align-right eael-simple-menu-dropdown-align-center preset-1\" data-hamburger-breakpoints=\"{&quot;mobile&quot;:&quot;Mobile Portrait (&gt; 767px)&quot;,&quot;tablet&quot;:&quot;Tablet Portrait (&gt; 1024px)&quot;,&quot;desktop&quot;:&quot;Desktop (&gt; 2400px)&quot;,&quot;none&quot;:&quot;None&quot;}\" data-hamburger-device=\"tablet\">\n                <ul id=\"menu-kalaja\" class=\"eael-simple-menu eael-simple-menu-dropdown-animate-to-top eael-simple-menu-indicator eael-hamburger-center eael-simple-menu-horizontal\"><li id=\"menu-item-42\" class=\"menu-item menu-item-type-post_type menu-item-object-page menu-item-home menu-item-42\"><a href=\"https:\/\/kalajaepox.com\/\">Ballina<\/a><\/li>\n<li id=\"menu-item-41\" class=\"menu-item menu-item-type-post_type menu-item-object-page menu-item-41\"><a href=\"https:\/\/kalajaepox.com\/index.php\/produktet\/\">Produktet<\/a><\/li>\n<li id=\"menu-item-39\" class=\"menu-item menu-item-type-post_type menu-item-object-page menu-item-39\"><a href=\"https:\/\/kalajaepox.com\/index.php\/modelet\/\">Modelet<\/a><\/li>\n<li id=\"menu-item-40\" class=\"menu-item menu-item-type-post_type menu-item-object-page menu-item-40\"><a href=\"https:\/\/kalajaepox.com\/index.php\/galeria\/\">Galeria<\/a><\/li>\n<li id=\"menu-item-38\" class=\"menu-item menu-item-type-post_type menu-item-object-page menu-item-38\"><a href=\"https:\/\/kalajaepox.com\/index.php\/kontakt\/\">Kontakt<\/a><\/li>\n<\/ul>                <button class=\"eael-simple-menu-toggle\">\n                    <span class=\"sr-only \">Hamburger Toggle Menu<\/span>\n                    <i aria-hidden=\"true\" class=\"fas fa-bars\"><\/i>                <\/button>\n            <\/div>\n            \t\t\t\t<\/div>\n\t\t\t\t<\/div>\n\t\t\t\t\t<\/div>\n\t\t<\/div>\n\t\t\t\t\t<\/div>\n\t\t<\/section>\n\t\t\t\t<section class=\"elementor-section elementor-top-section elementor-element elementor-element-5ec650c elementor-section-height-min-height elementor-section-boxed elementor-section-height-default elementor-section-items-middle\" data-id=\"5ec650c\" data-element_type=\"section\">\n\t\t\t\t\t\t<div class=\"elementor-container elementor-column-gap-default\">\n\t\t\t\t\t<div class=\"elementor-column elementor-col-100 elementor-top-column elementor-element elementor-element-44f0d00\" data-id=\"44f0d00\" data-element_type=\"column\">\n\t\t\t<div class=\"elementor-widget-wrap elementor-element-populated\">\n\t\t\t\t\t\t<div class=\"elementor-element elementor-element-fdb947c elementor-widget elementor-widget-heading\" data-id=\"fdb947c\" data-element_type=\"widget\" data-widget_type=\"heading.default\">\n\t\t\t\t<div class=\"elementor-widget-container\">\n\t\t\t\t\t<h2 class=\"elementor-heading-title elementor-size-default\">Kalaja Epox nd\u00ebr vite!<\/h2>\t\t\t\t<\/div>\n\t\t\t\t<\/div>\n\t\t\t\t\t<\/div>\n\t\t<\/div>\n\t\t\t\t\t<\/div>\n\t\t<\/section>\n\t\t\t\t<section class=\"elementor-section elementor-top-section elementor-element elementor-element-3a47b8c elementor-section-height-min-height elementor-section-boxed elementor-section-height-default elementor-section-items-middle\" data-id=\"3a47b8c\" data-element_type=\"section\">\n\t\t\t\t\t\t<div class=\"elementor-container elementor-column-gap-default\">\n\t\t\t\t\t<div class=\"elementor-column elementor-col-50 elementor-top-column elementor-element elementor-element-2d50245\" data-id=\"2d50245\" data-element_type=\"column\">\n\t\t\t<div class=\"elementor-widget-wrap elementor-element-populated\">\n\t\t\t\t\t\t<div class=\"elementor-element elementor-element-7b2f285 elementor-widget elementor-widget-text-editor\" data-id=\"7b2f285\" data-element_type=\"widget\" data-widget_type=\"text-editor.default\">\n\t\t\t\t<div class=\"elementor-widget-container\">\n\t\t\t\t\t\t\t\t\t<p>Kontaktin e par\u00eb me Epoksit familja jon\u00eb e ka pasur n\u00eb vitin 1980. Ku Faik S. Rexhaj punoi n\u00eb firm\u00ebn Gjermane \u201cRINOL\u201d.<\/p><p>M\u00eb pas n\u00eb vitin 1987 Faikut i bashk\u00ebngjit\u00ebt edhe djali i tij Qemajli.<\/p><p>Sot Qemajli t\u00eb nj\u00ebjt\u00ebn veprimtari e ushtron n\u00eb Austri me firm\u00ebn <a href=\"https:\/\/www.rexhajfloor.at\/\">REXHAJFLOOR.<\/a><\/p><p>Nd\u00ebrsa Kalaja Epox u themelua n\u00eb vitin 2006 nga Sylejman Rexhaj i cili po ashtu kishte punuar p\u00ebr disa vite n\u00eb Austri pik\u00ebrisht me v\u00ebllain e tij Qemajlin.<\/p><p>Qe nga viti 2006 Kalaja Epox konsumator\u00ebve t\u00eb vet ju ofron dysheme me rr\u00ebshira epoksidi t\u00eb cilat jan\u00eb jasht\u00ebzakonisht efikase n\u00eb t\u00eb gjitha aspektet.<\/p><p>\u201cKalaja Epox\u201d \u00ebsht\u00eb zhvilluar mjaft shum\u00eb duke rritur kapacitetet vazhdimisht.<\/p>\t\t\t\t\t\t\t\t<\/div>\n\t\t\t\t<\/div>\n\t\t\t\t\t<\/div>\n\t\t<\/div>\n\t\t\t\t<div class=\"elementor-column elementor-col-50 elementor-top-column elementor-element elementor-element-f561da9\" data-id=\"f561da9\" data-element_type=\"column\">\n\t\t\t<div class=\"elementor-widget-wrap elementor-element-populated\">\n\t\t\t\t\t\t<div class=\"elementor-element elementor-element-4ea57c5 elementor-widget elementor-widget-image\" data-id=\"4ea57c5\" data-element_type=\"widget\" data-widget_type=\"image.default\">\n\t\t\t\t<div class=\"elementor-widget-container\">\n\t\t\t\t\t\t\t\t\t\t\t\t\t\t\t<img decoding=\"async\" width=\"800\" height=\"600\" src=\"https:\/\/kalajaepox.com\/wp-content\/uploads\/2022\/11\/Trajnim-Kroaci1.jpg\" class=\"attachment-large size-large wp-image-948\" alt=\"\" srcset=\"https:\/\/kalajaepox.com\/wp-content\/uploads\/2022\/11\/Trajnim-Kroaci1.jpg 1024w, https:\/\/kalajaepox.com\/wp-content\/uploads\/2022\/11\/Trajnim-Kroaci1-300x225.jpg 300w, https:\/\/kalajaepox.com\/wp-content\/uploads\/2022\/11\/Trajnim-Kroaci1-768x576.jpg 768w\" sizes=\"(max-width: 800px) 100vw, 800px\" \/>\t\t\t\t\t\t\t\t\t\t\t\t\t\t\t<\/div>\n\t\t\t\t<\/div>\n\t\t\t\t\t<\/div>\n\t\t<\/div>\n\t\t\t\t\t<\/div>\n\t\t<\/section>\n\t\t\t\t<\/div>\n\t\t","protected":false},"excerpt":{"rendered":"<p>Facebook Instagram Ballina Produktet Modelet Galeria Kontakt Kalaja Epox nd\u00ebr vite! Kontaktin e par\u00eb me Epoksit familja jon\u00eb e ka pasur n\u00eb vitin 1980. Ku Faik S. Rexhaj punoi n\u00eb firm\u00ebn Gjermane \u201cRINOL\u201d. M\u00eb pas n\u00eb vitin 1987 Faikut i bashk\u00ebngjit\u00ebt edhe djali i tij Qemajli. Sot Qemajli t\u00eb nj\u00ebjt\u00ebn veprimtari e ushtron n\u00eb Austri [&hellip;]<\/p>\n","protected":false},"author":1,"featured_media":0,"parent":0,"menu_order":0,"comment_status":"closed","ping_status":"closed","template":"elementor_header_footer","meta":{"om_disable_all_campaigns":false,"_monsterinsights_skip_tracking":false,"_monsterinsights_sitenote_active":false,"_monsterinsights_sitenote_note":"","_monsterinsights_sitenote_category":0,"footnotes":""},"class_list":["post-261","page","type-page","status-publish","hentry"],"yoast_head":"<!-- This site is optimized with the Yoast SEO plugin v19.14 - https:\/\/yoast.com\/wordpress\/plugins\/seo\/ -->\n<title>Historiku - Kalajaepox<\/title>\n<meta name=\"robots\" content=\"index, follow, max-snippet:-1, max-image-preview:large, max-video-preview:-1\" \/>\n<link rel=\"canonical\" href=\"https:\/\/kalajaepox.com\/index.php\/historiku\/\" \/>\n<meta property=\"og:locale\" content=\"en_US\" \/>\n<meta property=\"og:type\" content=\"article\" \/>\n<meta property=\"og:title\" content=\"Historiku - Kalajaepox\" \/>\n<meta property=\"og:description\" content=\"Facebook Instagram Ballina Produktet Modelet Galeria Kontakt Kalaja Epox nd\u00ebr vite! Kontaktin e par\u00eb me Epoksit familja jon\u00eb e ka pasur n\u00eb vitin 1980. Ku Faik S. Rexhaj punoi n\u00eb firm\u00ebn Gjermane \u201cRINOL\u201d. M\u00eb pas n\u00eb vitin 1987 Faikut i bashk\u00ebngjit\u00ebt edhe djali i tij Qemajli. Sot Qemajli t\u00eb nj\u00ebjt\u00ebn veprimtari e ushtron n\u00eb Austri [&hellip;]\" \/>\n<meta property=\"og:url\" content=\"https:\/\/kalajaepox.com\/index.php\/historiku\/\" \/>\n<meta property=\"og:site_name\" content=\"Kalajaepox\" \/>\n<meta property=\"article:modified_time\" content=\"2022-12-03T15:04:39+00:00\" \/>\n<meta property=\"og:image\" content=\"http:\/\/kalajaepox.com\/wp-content\/uploads\/2022\/10\/logo-e-re-01.png\" \/>\n<meta name=\"twitter:card\" content=\"summary_large_image\" \/>\n<meta name=\"twitter:label1\" content=\"Est. reading time\" \/>\n\t<meta name=\"twitter:data1\" content=\"1 minute\" \/>\n<script type=\"application\/ld+json\" class=\"yoast-schema-graph\">{\"@context\":\"https:\/\/schema.org\",\"@graph\":[{\"@type\":\"WebPage\",\"@id\":\"https:\/\/kalajaepox.com\/index.php\/historiku\/\",\"url\":\"https:\/\/kalajaepox.com\/index.php\/historiku\/\",\"name\":\"Historiku - Kalajaepox\",\"isPartOf\":{\"@id\":\"https:\/\/kalajaepox.com\/#website\"},\"datePublished\":\"2022-11-03T17:32:06+00:00\",\"dateModified\":\"2022-12-03T15:04:39+00:00\",\"breadcrumb\":{\"@id\":\"https:\/\/kalajaepox.com\/index.php\/historiku\/#breadcrumb\"},\"inLanguage\":\"en-US\",\"potentialAction\":[{\"@type\":\"ReadAction\",\"target\":[\"https:\/\/kalajaepox.com\/index.php\/historiku\/\"]}]},{\"@type\":\"BreadcrumbList\",\"@id\":\"https:\/\/kalajaepox.com\/index.php\/historiku\/#breadcrumb\",\"itemListElement\":[{\"@type\":\"ListItem\",\"position\":1,\"name\":\"Home\",\"item\":\"https:\/\/kalajaepox.com\/\"},{\"@type\":\"ListItem\",\"position\":2,\"name\":\"Historiku\"}]},{\"@type\":\"WebSite\",\"@id\":\"https:\/\/kalajaepox.com\/#website\",\"url\":\"https:\/\/kalajaepox.com\/\",\"name\":\"Kalajaepox\",\"description\":\"Kualiteti mbi t\u00eb gjitha!\",\"potentialAction\":[{\"@type\":\"SearchAction\",\"target\":{\"@type\":\"EntryPoint\",\"urlTemplate\":\"https:\/\/kalajaepox.com\/?s={search_term_string}\"},\"query-input\":\"required name=search_term_string\"}],\"inLanguage\":\"en-US\"}]}<\/script>\n<!-- \/ Yoast SEO plugin. -->","yoast_head_json":{"title":"Historiku - Kalajaepox","robots":{"index":"index","follow":"follow","max-snippet":"max-snippet:-1","max-image-preview":"max-image-preview:large","max-video-preview":"max-video-preview:-1"},"canonical":"https:\/\/kalajaepox.com\/index.php\/historiku\/","og_locale":"en_US","og_type":"article","og_title":"Historiku - Kalajaepox","og_description":"Facebook Instagram Ballina Produktet Modelet Galeria Kontakt Kalaja Epox nd\u00ebr vite! Kontaktin e par\u00eb me Epoksit familja jon\u00eb e ka pasur n\u00eb vitin 1980. Ku Faik S. Rexhaj punoi n\u00eb firm\u00ebn Gjermane \u201cRINOL\u201d. M\u00eb pas n\u00eb vitin 1987 Faikut i bashk\u00ebngjit\u00ebt edhe djali i tij Qemajli. Sot Qemajli t\u00eb nj\u00ebjt\u00ebn veprimtari e ushtron n\u00eb Austri [&hellip;]","og_url":"https:\/\/kalajaepox.com\/index.php\/historiku\/","og_site_name":"Kalajaepox","article_modified_time":"2022-12-03T15:04:39+00:00","og_image":[{"url":"http:\/\/kalajaepox.com\/wp-content\/uploads\/2022\/10\/logo-e-re-01.png"}],"twitter_card":"summary_large_image","twitter_misc":{"Est. reading time":"1 minute"},"schema":{"@context":"https:\/\/schema.org","@graph":[{"@type":"WebPage","@id":"https:\/\/kalajaepox.com\/index.php\/historiku\/","url":"https:\/\/kalajaepox.com\/index.php\/historiku\/","name":"Historiku - Kalajaepox","isPartOf":{"@id":"https:\/\/kalajaepox.com\/#website"},"datePublished":"2022-11-03T17:32:06+00:00","dateModified":"2022-12-03T15:04:39+00:00","breadcrumb":{"@id":"https:\/\/kalajaepox.com\/index.php\/historiku\/#breadcrumb"},"inLanguage":"en-US","potentialAction":[{"@type":"ReadAction","target":["https:\/\/kalajaepox.com\/index.php\/historiku\/"]}]},{"@type":"BreadcrumbList","@id":"https:\/\/kalajaepox.com\/index.php\/historiku\/#breadcrumb","itemListElement":[{"@type":"ListItem","position":1,"name":"Home","item":"https:\/\/kalajaepox.com\/"},{"@type":"ListItem","position":2,"name":"Historiku"}]},{"@type":"WebSite","@id":"https:\/\/kalajaepox.com\/#website","url":"https:\/\/kalajaepox.com\/","name":"Kalajaepox","description":"Kualiteti mbi t\u00eb gjitha!","potentialAction":[{"@type":"SearchAction","target":{"@type":"EntryPoint","urlTemplate":"https:\/\/kalajaepox.com\/?s={search_term_string}"},"query-input":"required name=search_term_string"}],"inLanguage":"en-US"}]}},"_links":{"self":[{"href":"https:\/\/kalajaepox.com\/index.php\/wp-json\/wp\/v2\/pages\/261","targetHints":{"allow":["GET"]}}],"collection":[{"href":"https:\/\/kalajaepox.com\/index.php\/wp-json\/wp\/v2\/pages"}],"about":[{"href":"https:\/\/kalajaepox.com\/index.php\/wp-json\/wp\/v2\/types\/page"}],"author":[{"embeddable":true,"href":"https:\/\/kalajaepox.com\/index.php\/wp-json\/wp\/v2\/users\/1"}],"replies":[{"embeddable":true,"href":"https:\/\/kalajaepox.com\/index.php\/wp-json\/wp\/v2\/comments?post=261"}],"version-history":[{"count":37,"href":"https:\/\/kalajaepox.com\/index.php\/wp-json\/wp\/v2\/pages\/261\/revisions"}],"predecessor-version":[{"id":1222,"href":"https:\/\/kalajaepox.com\/index.php\/wp-json\/wp\/v2\/pages\/261\/revisions\/1222"}],"wp:attachment":[{"href":"https:\/\/kalajaepox.com\/index.php\/wp-json\/wp\/v2\/media?parent=261"}],"curies":[{"name":"wp","href":"https:\/\/api.w.org\/{rel}","templated":true}]}}